{"id":172,"date":"2017-02-18T11:01:46","date_gmt":"2017-02-18T10:01:46","guid":{"rendered":"http:\/\/salonandrea.eu\/?page_id=172"},"modified":"2018-07-10T17:19:41","modified_gmt":"2018-07-10T16:19:41","slug":"lifting","status":"publish","type":"page","link":"https:\/\/salonandrea.eu\/index.php\/lifting\/","title":{"rendered":"Lifting"},"content":{"rendered":"<div id=\"pl-172\"  class=\"panel-layout\" ><div id=\"pg-172-0\"  class=\"panel-grid panel-no-style\" ><div id=\"pgc-172-0-0\"  class=\"panel-grid-cell\" ><div id=\"panel-172-0-0-0\" class=\"so-panel widget widget_sow-editor panel-first-child panel-last-child\" data-index=\"0\" ><div class=\"panel-widget-style panel-widget-style-for-172-0-0-0\" ><div\n\t\t\t\n\t\t\tclass=\"so-widget-sow-editor so-widget-sow-editor-base\"\n\t\t\t\n\t\t>\n<div class=\"siteorigin-widget-tinymce textwidget\">\n\t<p><strong>Ultrazvukov\u00fd lifting dok\u00e1\u017ee<\/strong><\/p>\n<p>- Kr\u00e1sne vypn\u00fa\u0165 poko\u017eku<br \/> - Zvy\u0161uje pru\u017enos\u0165 poko\u017eky<br \/> - Br\u00e1ni vzniku vr\u00e1sok<br \/> - Spoma\u013euje starnutie pleti<br \/> - Doch\u00e1dza k prekrveniu, lep\u0161iemu d\u00fdchanie ko\u017ee, podporuje regener\u00e1ciu<br \/> - Doch\u00e1dza k r\u00fdchlej\u0161iemu odplavovaniu odpadov\u00fdch l\u00e1tok<br \/> - Pr\u00edjemne uvo\u013en\u00ed, p\u00f4sob\u00ed t\u00ed\u0161iace na nervov\u00e9 zakon\u010denia<br \/> - Zni\u017euje nap\u00e4tie v tv\u00e1ri<br \/> - Zv\u00fd\u0161i Va\u0161e sebavedomie a spokojnos\u0165<\/p>\n<p>Ultrazvuk je schopn\u00fd zintenz\u00edvni\u0165 pr\u00fadenie krvi a teda aj vy\u017eivovanie a okysli\u010dovanie a to v\u010faka zv\u00fd\u0161enej produkcii kolag\u00e9nu a elastanov\u00fdch vl\u00e1kien. V\u010faka tomu doch\u00e1dza k spevneniu a zmene nap\u00e4tia svalov, revitaliz\u00e1ciu a ochrane poko\u017eky proti starnutiu.<\/p>\n<\/div>\n<\/div><\/div><\/div><\/div><div id=\"pgc-172-0-1\"  class=\"panel-grid-cell\" ><div id=\"panel-172-0-1-0\" class=\"so-panel widget widget_sow-editor panel-first-child panel-last-child\" data-index=\"1\" ><div class=\"panel-widget-style panel-widget-style-for-172-0-1-0\" ><div\n\t\t\t\n\t\t\tclass=\"so-widget-sow-editor so-widget-sow-editor-base\"\n\t\t\t\n\t\t>\n<div class=\"siteorigin-widget-tinymce textwidget\">\n\t<p><img loading=\"lazy\" decoding=\"async\" class=\"aligncenter wp-image-472 size-full\" src=\"https:\/\/salonandrea.eu\/wp-content\/uploads\/2017\/02\/salonandrea-lifting-e1518537283506.jpeg\" width=\"742\" height=\"335\" srcset=\"https:\/\/salonandrea.eu\/wp-content\/uploads\/2017\/02\/salonandrea-lifting-e1518537283506.jpeg 742w, https:\/\/salonandrea.eu\/wp-content\/uploads\/2017\/02\/salonandrea-lifting-e1518537283506-300x135.jpeg 300w\" sizes=\"auto, (max-width: 742px) 100vw, 742px\" \/><\/p>\n<\/div>\n<\/div><\/div><\/div><\/div><\/div><\/div>","protected":false},"excerpt":{"rendered":"<p>Ultrazvukov\u00fd lifting dok\u00e1\u017ee- Kr\u00e1sne vypn\u00fa\u0165 poko\u017eku &#8211; Zvy\u0161uje pru\u017enos\u0165 poko\u017eky &#8211; Br\u00e1ni vzniku vr\u00e1sok &#8211; Spoma\u013euje starnutie pleti &#8211; Doch\u00e1dza k prekrveniu, lep\u0161iemu d\u00fdchanie ko\u017ee, podporuje regener\u00e1ciu &#8211; Doch\u00e1dza k r\u00fdchlej\u0161iemu odplavovaniu odpadov\u00fdch l\u00e1tok &#8211; Pr\u00edjemne uvo\u013en\u00ed, p\u00f4sob\u00ed t\u00ed\u0161iace na nervov\u00e9 zakon\u010denia &#8211; Zni\u017euje nap\u00e4tie v tv\u00e1ri &#8211; Zv\u00fd\u0161i Va\u0161e sebavedomie a spokojnos\u0165Ultrazvuk je schopn\u00fd <a class=\"read-more\" href=\"https:\/\/salonandrea.eu\/index.php\/lifting\/\">Read More<\/a><\/p>\n","protected":false},"author":1,"featured_media":0,"parent":0,"menu_order":0,"comment_status":"closed","ping_status":"closed","template":"template-full-width.php","meta":{"ngg_post_thumbnail":0,"footnotes":""},"class_list":["post-172","page","type-page","status-publish","hentry"],"yoast_head":"<!-- This site is optimized with the Yoast SEO plugin v24.3 - https:\/\/yoast.com\/wordpress\/plugins\/seo\/ -->\n<title>Lifting - Andrea<\/title>\n<meta name=\"robots\" content=\"index, follow, max-snippet:-1, max-image-preview:large, max-video-preview:-1\" \/>\n<link rel=\"canonical\" href=\"https:\/\/salonandrea.eu\/index.php\/lifting\/\" \/>\n<meta property=\"og:locale\" content=\"sk_SK\" \/>\n<meta property=\"og:type\" content=\"article\" \/>\n<meta property=\"og:title\" content=\"Lifting - Andrea\" \/>\n<meta property=\"og:description\" content=\"Ultrazvukov\u00fd lifting dok\u00e1\u017ee- Kr\u00e1sne vypn\u00fa\u0165 poko\u017eku - Zvy\u0161uje pru\u017enos\u0165 poko\u017eky - Br\u00e1ni vzniku vr\u00e1sok - Spoma\u013euje starnutie pleti - Doch\u00e1dza k prekrveniu, lep\u0161iemu d\u00fdchanie ko\u017ee, podporuje regener\u00e1ciu - Doch\u00e1dza k r\u00fdchlej\u0161iemu odplavovaniu odpadov\u00fdch l\u00e1tok - Pr\u00edjemne uvo\u013en\u00ed, p\u00f4sob\u00ed t\u00ed\u0161iace na nervov\u00e9 zakon\u010denia - Zni\u017euje nap\u00e4tie v tv\u00e1ri - Zv\u00fd\u0161i Va\u0161e sebavedomie a spokojnos\u0165Ultrazvuk je schopn\u00fd Read More\" \/>\n<meta property=\"og:url\" content=\"https:\/\/salonandrea.eu\/index.php\/lifting\/\" \/>\n<meta property=\"og:site_name\" content=\"Andrea\" \/>\n<meta property=\"article:publisher\" content=\"https:\/\/www.facebook.com\/profile.php?id=100005214099062\" \/>\n<meta property=\"article:modified_time\" content=\"2018-07-10T16:19:41+00:00\" \/>\n<meta property=\"og:image\" content=\"https:\/\/salonandrea.eu\/wp-content\/uploads\/2017\/02\/03_ultrazvukovy-lifting.jpg\" \/>\n<meta name=\"twitter:card\" content=\"summary_large_image\" \/>\n<meta name=\"twitter:label1\" content=\"Predpokladan\u00fd \u010das \u010d\u00edtania\" \/>\n\t<meta name=\"twitter:data1\" content=\"1 min\u00fata\" \/>\n<script type=\"application\/ld+json\" class=\"yoast-schema-graph\">{\"@context\":\"https:\/\/schema.org\",\"@graph\":[{\"@type\":\"WebPage\",\"@id\":\"https:\/\/salonandrea.eu\/index.php\/lifting\/\",\"url\":\"https:\/\/salonandrea.eu\/index.php\/lifting\/\",\"name\":\"Lifting - Andrea\",\"isPartOf\":{\"@id\":\"https:\/\/salonandrea.eu\/#website\"},\"primaryImageOfPage\":{\"@id\":\"https:\/\/salonandrea.eu\/index.php\/lifting\/#primaryimage\"},\"image\":{\"@id\":\"https:\/\/salonandrea.eu\/index.php\/lifting\/#primaryimage\"},\"thumbnailUrl\":\"https:\/\/salonandrea.eu\/wp-content\/uploads\/2017\/02\/03_ultrazvukovy-lifting.jpg\",\"datePublished\":\"2017-02-18T10:01:46+00:00\",\"dateModified\":\"2018-07-10T16:19:41+00:00\",\"breadcrumb\":{\"@id\":\"https:\/\/salonandrea.eu\/index.php\/lifting\/#breadcrumb\"},\"inLanguage\":\"sk-SK\",\"potentialAction\":[{\"@type\":\"ReadAction\",\"target\":[\"https:\/\/salonandrea.eu\/index.php\/lifting\/\"]}]},{\"@type\":\"ImageObject\",\"inLanguage\":\"sk-SK\",\"@id\":\"https:\/\/salonandrea.eu\/index.php\/lifting\/#primaryimage\",\"url\":\"https:\/\/salonandrea.eu\/wp-content\/uploads\/2017\/02\/03_ultrazvukovy-lifting.jpg\",\"contentUrl\":\"https:\/\/salonandrea.eu\/wp-content\/uploads\/2017\/02\/03_ultrazvukovy-lifting.jpg\"},{\"@type\":\"BreadcrumbList\",\"@id\":\"https:\/\/salonandrea.eu\/index.php\/lifting\/#breadcrumb\",\"itemListElement\":[{\"@type\":\"ListItem\",\"position\":1,\"name\":\"Domovsk\u00e1 str\u00e1nka\",\"item\":\"https:\/\/salonandrea.eu\/\"},{\"@type\":\"ListItem\",\"position\":2,\"name\":\"Lifting\"}]},{\"@type\":\"WebSite\",\"@id\":\"https:\/\/salonandrea.eu\/#website\",\"url\":\"https:\/\/salonandrea.eu\/\",\"name\":\"Andrea - Beauty Salon\",\"description\":\"Beauty Salon\",\"publisher\":{\"@id\":\"https:\/\/salonandrea.eu\/#organization\"},\"potentialAction\":[{\"@type\":\"SearchAction\",\"target\":{\"@type\":\"EntryPoint\",\"urlTemplate\":\"https:\/\/salonandrea.eu\/?s={search_term_string}\"},\"query-input\":{\"@type\":\"PropertyValueSpecification\",\"valueRequired\":true,\"valueName\":\"search_term_string\"}}],\"inLanguage\":\"sk-SK\"},{\"@type\":\"Organization\",\"@id\":\"https:\/\/salonandrea.eu\/#organization\",\"name\":\"Sal\u00f3n Andrea\",\"url\":\"https:\/\/salonandrea.eu\/\",\"logo\":{\"@type\":\"ImageObject\",\"inLanguage\":\"sk-SK\",\"@id\":\"https:\/\/salonandrea.eu\/#\/schema\/logo\/image\/\",\"url\":\"https:\/\/salonandrea.eu\/wp-content\/uploads\/2017\/02\/logo_andrea-salon-beauty_ver1_white_tien.png\",\"contentUrl\":\"https:\/\/salonandrea.eu\/wp-content\/uploads\/2017\/02\/logo_andrea-salon-beauty_ver1_white_tien.png\",\"width\":500,\"height\":185,\"caption\":\"Sal\u00f3n Andrea\"},\"image\":{\"@id\":\"https:\/\/salonandrea.eu\/#\/schema\/logo\/image\/\"},\"sameAs\":[\"https:\/\/www.facebook.com\/profile.php?id=100005214099062\"]}]}<\/script>\n<!-- \/ Yoast SEO plugin. -->","yoast_head_json":{"title":"Lifting - Andrea","robots":{"index":"index","follow":"follow","max-snippet":"max-snippet:-1","max-image-preview":"max-image-preview:large","max-video-preview":"max-video-preview:-1"},"canonical":"https:\/\/salonandrea.eu\/index.php\/lifting\/","og_locale":"sk_SK","og_type":"article","og_title":"Lifting - Andrea","og_description":"Ultrazvukov\u00fd lifting dok\u00e1\u017ee- Kr\u00e1sne vypn\u00fa\u0165 poko\u017eku - Zvy\u0161uje pru\u017enos\u0165 poko\u017eky - Br\u00e1ni vzniku vr\u00e1sok - Spoma\u013euje starnutie pleti - Doch\u00e1dza k prekrveniu, lep\u0161iemu d\u00fdchanie ko\u017ee, podporuje regener\u00e1ciu - Doch\u00e1dza k r\u00fdchlej\u0161iemu odplavovaniu odpadov\u00fdch l\u00e1tok - Pr\u00edjemne uvo\u013en\u00ed, p\u00f4sob\u00ed t\u00ed\u0161iace na nervov\u00e9 zakon\u010denia - Zni\u017euje nap\u00e4tie v tv\u00e1ri - Zv\u00fd\u0161i Va\u0161e sebavedomie a spokojnos\u0165Ultrazvuk je schopn\u00fd Read More","og_url":"https:\/\/salonandrea.eu\/index.php\/lifting\/","og_site_name":"Andrea","article_publisher":"https:\/\/www.facebook.com\/profile.php?id=100005214099062","article_modified_time":"2018-07-10T16:19:41+00:00","og_image":[{"url":"https:\/\/salonandrea.eu\/wp-content\/uploads\/2017\/02\/03_ultrazvukovy-lifting.jpg","type":"","width":"","height":""}],"twitter_card":"summary_large_image","twitter_misc":{"Predpokladan\u00fd \u010das \u010d\u00edtania":"1 min\u00fata"},"schema":{"@context":"https:\/\/schema.org","@graph":[{"@type":"WebPage","@id":"https:\/\/salonandrea.eu\/index.php\/lifting\/","url":"https:\/\/salonandrea.eu\/index.php\/lifting\/","name":"Lifting - Andrea","isPartOf":{"@id":"https:\/\/salonandrea.eu\/#website"},"primaryImageOfPage":{"@id":"https:\/\/salonandrea.eu\/index.php\/lifting\/#primaryimage"},"image":{"@id":"https:\/\/salonandrea.eu\/index.php\/lifting\/#primaryimage"},"thumbnailUrl":"https:\/\/salonandrea.eu\/wp-content\/uploads\/2017\/02\/03_ultrazvukovy-lifting.jpg","datePublished":"2017-02-18T10:01:46+00:00","dateModified":"2018-07-10T16:19:41+00:00","breadcrumb":{"@id":"https:\/\/salonandrea.eu\/index.php\/lifting\/#breadcrumb"},"inLanguage":"sk-SK","potentialAction":[{"@type":"ReadAction","target":["https:\/\/salonandrea.eu\/index.php\/lifting\/"]}]},{"@type":"ImageObject","inLanguage":"sk-SK","@id":"https:\/\/salonandrea.eu\/index.php\/lifting\/#primaryimage","url":"https:\/\/salonandrea.eu\/wp-content\/uploads\/2017\/02\/03_ultrazvukovy-lifting.jpg","contentUrl":"https:\/\/salonandrea.eu\/wp-content\/uploads\/2017\/02\/03_ultrazvukovy-lifting.jpg"},{"@type":"BreadcrumbList","@id":"https:\/\/salonandrea.eu\/index.php\/lifting\/#breadcrumb","itemListElement":[{"@type":"ListItem","position":1,"name":"Domovsk\u00e1 str\u00e1nka","item":"https:\/\/salonandrea.eu\/"},{"@type":"ListItem","position":2,"name":"Lifting"}]},{"@type":"WebSite","@id":"https:\/\/salonandrea.eu\/#website","url":"https:\/\/salonandrea.eu\/","name":"Andrea - Beauty Salon","description":"Beauty Salon","publisher":{"@id":"https:\/\/salonandrea.eu\/#organization"},"potentialAction":[{"@type":"SearchAction","target":{"@type":"EntryPoint","urlTemplate":"https:\/\/salonandrea.eu\/?s={search_term_string}"},"query-input":{"@type":"PropertyValueSpecification","valueRequired":true,"valueName":"search_term_string"}}],"inLanguage":"sk-SK"},{"@type":"Organization","@id":"https:\/\/salonandrea.eu\/#organization","name":"Sal\u00f3n Andrea","url":"https:\/\/salonandrea.eu\/","logo":{"@type":"ImageObject","inLanguage":"sk-SK","@id":"https:\/\/salonandrea.eu\/#\/schema\/logo\/image\/","url":"https:\/\/salonandrea.eu\/wp-content\/uploads\/2017\/02\/logo_andrea-salon-beauty_ver1_white_tien.png","contentUrl":"https:\/\/salonandrea.eu\/wp-content\/uploads\/2017\/02\/logo_andrea-salon-beauty_ver1_white_tien.png","width":500,"height":185,"caption":"Sal\u00f3n Andrea"},"image":{"@id":"https:\/\/salonandrea.eu\/#\/schema\/logo\/image\/"},"sameAs":["https:\/\/www.facebook.com\/profile.php?id=100005214099062"]}]}},"_links":{"self":[{"href":"https:\/\/salonandrea.eu\/index.php\/wp-json\/wp\/v2\/pages\/172","targetHints":{"allow":["GET"]}}],"collection":[{"href":"https:\/\/salonandrea.eu\/index.php\/wp-json\/wp\/v2\/pages"}],"about":[{"href":"https:\/\/salonandrea.eu\/index.php\/wp-json\/wp\/v2\/types\/page"}],"author":[{"embeddable":true,"href":"https:\/\/salonandrea.eu\/index.php\/wp-json\/wp\/v2\/users\/1"}],"replies":[{"embeddable":true,"href":"https:\/\/salonandrea.eu\/index.php\/wp-json\/wp\/v2\/comments?post=172"}],"version-history":[{"count":9,"href":"https:\/\/salonandrea.eu\/index.php\/wp-json\/wp\/v2\/pages\/172\/revisions"}],"predecessor-version":[{"id":473,"href":"https:\/\/salonandrea.eu\/index.php\/wp-json\/wp\/v2\/pages\/172\/revisions\/473"}],"wp:attachment":[{"href":"https:\/\/salonandrea.eu\/index.php\/wp-json\/wp\/v2\/media?parent=172"}],"curies":[{"name":"wp","href":"https:\/\/api.w.org\/{rel}","templated":true}]}}