{"id":179,"date":"2017-02-18T11:27:05","date_gmt":"2017-02-18T10:27:05","guid":{"rendered":"http:\/\/salonandrea.eu\/?page_id=179"},"modified":"2018-07-10T17:19:41","modified_gmt":"2018-07-10T16:19:41","slug":"mikrodermabrazia","status":"publish","type":"page","link":"https:\/\/salonandrea.eu\/index.php\/mikrodermabrazia\/","title":{"rendered":"Mikrodermabr\u00e1zia (diamantov\u00e1)"},"content":{"rendered":"<div id=\"pl-179\"  class=\"panel-layout\" ><div id=\"pg-179-0\"  class=\"panel-grid panel-no-style\" ><div id=\"pgc-179-0-0\"  class=\"panel-grid-cell\" ><div id=\"panel-179-0-0-0\" class=\"so-panel widget widget_sow-editor panel-first-child panel-last-child\" data-index=\"0\" ><div class=\"panel-widget-style panel-widget-style-for-179-0-0-0\" ><div\n\t\t\t\n\t\t\tclass=\"so-widget-sow-editor so-widget-sow-editor-base\"\n\t\t\t\n\t\t>\n<div class=\"siteorigin-widget-tinymce textwidget\">\n\t<p>Je proced\u00fara pri ktorej je poko\u017eka vystaven\u00e1 p\u00f4sobeniu kry\u0161t\u00e1lov(diamantov) za \u00fa\u010delom odstr\u00e1nenia vrchnej vrstvy ko\u017ee, hlavne odumret\u00fdch ko\u017en\u00fdch buniek. Mikrodermabr\u00e1zia tie\u017e podporuje produkciu nov\u00fdch ko\u017en\u00fdch buniek v baz\u00e1lnej, najhlb\u0161ej vrstve ko\u017ee. T\u00e1to proced\u00fara stimuluje tvorbu kolag\u00e9nu, h\u013abkovo pre\u010dist\u00ed p\u00f3ry, \u010d\u00edm pozit\u00edvne p\u00f4sob\u00ed na \u0161trukt\u00faru a vzh\u013ead poko\u017eky.<\/p>\n<p>Mikrodermabr\u00e1zia nemus\u00ed by\u0165 \u00fa\u010dinn\u00e1 ak sa jedn\u00e1 o pr\u00edli\u0161 hlbok\u00e9 jazvy po akn\u00e9, alebo aj in\u00e9, ve\u013ek\u00e9 pigmentov\u00e9 \u0161kvrny. Taktie\u017e nem\u00e1 \u00fa\u010dinok na odstr\u00e1nenie permanentn\u00e9ho tetovania, ke\u010f\u017ee farbivo je aj v hlb\u0161\u00edch vrstv\u00e1ch ko\u017ee.<\/p>\n<\/div>\n<\/div><\/div><\/div><\/div><div id=\"pgc-179-0-1\"  class=\"panel-grid-cell\" ><div id=\"panel-179-0-1-0\" class=\"so-panel widget widget_sow-editor panel-first-child panel-last-child\" data-index=\"1\" ><div class=\"panel-widget-style panel-widget-style-for-179-0-1-0\" ><div\n\t\t\t\n\t\t\tclass=\"so-widget-sow-editor so-widget-sow-editor-base\"\n\t\t\t\n\t\t>\n<div class=\"siteorigin-widget-tinymce textwidget\">\n\t<p><img loading=\"lazy\" decoding=\"async\" class=\"aligncenter size-full wp-image-468\" src=\"https:\/\/salonandrea.eu\/wp-content\/uploads\/2017\/02\/salonandrea-mikrodermabrazia-e1518536807814.jpeg\" alt=\"\" width=\"652\" height=\"267\" srcset=\"https:\/\/salonandrea.eu\/wp-content\/uploads\/2017\/02\/salonandrea-mikrodermabrazia-e1518536807814.jpeg 652w, https:\/\/salonandrea.eu\/wp-content\/uploads\/2017\/02\/salonandrea-mikrodermabrazia-e1518536807814-300x123.jpeg 300w\" sizes=\"auto, (max-width: 652px) 100vw, 652px\" \/><\/p>\n<\/div>\n<\/div><\/div><\/div><\/div><\/div><\/div>","protected":false},"excerpt":{"rendered":"<p>Je proced\u00fara pri ktorej je poko\u017eka vystaven\u00e1 p\u00f4sobeniu kry\u0161t\u00e1lov(diamantov) za \u00fa\u010delom odstr\u00e1nenia vrchnej vrstvy ko\u017ee, hlavne odumret\u00fdch ko\u017en\u00fdch buniek. Mikrodermabr\u00e1zia tie\u017e podporuje produkciu nov\u00fdch ko\u017en\u00fdch buniek v baz\u00e1lnej, najhlb\u0161ej vrstve ko\u017ee. T\u00e1to proced\u00fara stimuluje tvorbu kolag\u00e9nu, h\u013abkovo pre\u010dist\u00ed p\u00f3ry, \u010d\u00edm pozit\u00edvne p\u00f4sob\u00ed na \u0161trukt\u00faru a vzh\u013ead poko\u017eky.Mikrodermabr\u00e1zia nemus\u00ed by\u0165 \u00fa\u010dinn\u00e1 ak sa jedn\u00e1 o pr\u00edli\u0161 <a class=\"read-more\" href=\"https:\/\/salonandrea.eu\/index.php\/mikrodermabrazia\/\">Read More<\/a><\/p>\n","protected":false},"author":1,"featured_media":0,"parent":0,"menu_order":0,"comment_status":"closed","ping_status":"closed","template":"template-full-width.php","meta":{"ngg_post_thumbnail":0,"footnotes":""},"class_list":["post-179","page","type-page","status-publish","hentry"],"yoast_head":"<!-- This site is optimized with the Yoast SEO plugin v24.3 - https:\/\/yoast.com\/wordpress\/plugins\/seo\/ -->\n<title>Mikrodermabr\u00e1zia (diamantov\u00e1) - Andrea<\/title>\n<meta name=\"robots\" content=\"index, follow, max-snippet:-1, max-image-preview:large, max-video-preview:-1\" \/>\n<link rel=\"canonical\" href=\"https:\/\/salonandrea.eu\/index.php\/mikrodermabrazia\/\" \/>\n<meta property=\"og:locale\" content=\"sk_SK\" \/>\n<meta property=\"og:type\" content=\"article\" \/>\n<meta property=\"og:title\" content=\"Mikrodermabr\u00e1zia (diamantov\u00e1) - Andrea\" \/>\n<meta property=\"og:description\" content=\"Je proced\u00fara pri ktorej je poko\u017eka vystaven\u00e1 p\u00f4sobeniu kry\u0161t\u00e1lov(diamantov) za \u00fa\u010delom odstr\u00e1nenia vrchnej vrstvy ko\u017ee, hlavne odumret\u00fdch ko\u017en\u00fdch buniek. Mikrodermabr\u00e1zia tie\u017e podporuje produkciu nov\u00fdch ko\u017en\u00fdch buniek v baz\u00e1lnej, najhlb\u0161ej vrstve ko\u017ee. T\u00e1to proced\u00fara stimuluje tvorbu kolag\u00e9nu, h\u013abkovo pre\u010dist\u00ed p\u00f3ry, \u010d\u00edm pozit\u00edvne p\u00f4sob\u00ed na \u0161trukt\u00faru a vzh\u013ead poko\u017eky.Mikrodermabr\u00e1zia nemus\u00ed by\u0165 \u00fa\u010dinn\u00e1 ak sa jedn\u00e1 o pr\u00edli\u0161 Read More\" \/>\n<meta property=\"og:url\" content=\"https:\/\/salonandrea.eu\/index.php\/mikrodermabrazia\/\" \/>\n<meta property=\"og:site_name\" content=\"Andrea\" \/>\n<meta property=\"article:publisher\" content=\"https:\/\/www.facebook.com\/profile.php?id=100005214099062\" \/>\n<meta property=\"article:modified_time\" content=\"2018-07-10T16:19:41+00:00\" \/>\n<meta property=\"og:image\" content=\"https:\/\/salonandrea.eu\/wp-content\/uploads\/2017\/02\/04_diamantova-mikrodermabrazia.jpg\" \/>\n<meta name=\"twitter:card\" content=\"summary_large_image\" \/>\n<meta name=\"twitter:label1\" content=\"Predpokladan\u00fd \u010das \u010d\u00edtania\" \/>\n\t<meta name=\"twitter:data1\" content=\"1 min\u00fata\" \/>\n<script type=\"application\/ld+json\" class=\"yoast-schema-graph\">{\"@context\":\"https:\/\/schema.org\",\"@graph\":[{\"@type\":\"WebPage\",\"@id\":\"https:\/\/salonandrea.eu\/index.php\/mikrodermabrazia\/\",\"url\":\"https:\/\/salonandrea.eu\/index.php\/mikrodermabrazia\/\",\"name\":\"Mikrodermabr\u00e1zia (diamantov\u00e1) - Andrea\",\"isPartOf\":{\"@id\":\"https:\/\/salonandrea.eu\/#website\"},\"primaryImageOfPage\":{\"@id\":\"https:\/\/salonandrea.eu\/index.php\/mikrodermabrazia\/#primaryimage\"},\"image\":{\"@id\":\"https:\/\/salonandrea.eu\/index.php\/mikrodermabrazia\/#primaryimage\"},\"thumbnailUrl\":\"https:\/\/salonandrea.eu\/wp-content\/uploads\/2017\/02\/04_diamantova-mikrodermabrazia.jpg\",\"datePublished\":\"2017-02-18T10:27:05+00:00\",\"dateModified\":\"2018-07-10T16:19:41+00:00\",\"breadcrumb\":{\"@id\":\"https:\/\/salonandrea.eu\/index.php\/mikrodermabrazia\/#breadcrumb\"},\"inLanguage\":\"sk-SK\",\"potentialAction\":[{\"@type\":\"ReadAction\",\"target\":[\"https:\/\/salonandrea.eu\/index.php\/mikrodermabrazia\/\"]}]},{\"@type\":\"ImageObject\",\"inLanguage\":\"sk-SK\",\"@id\":\"https:\/\/salonandrea.eu\/index.php\/mikrodermabrazia\/#primaryimage\",\"url\":\"https:\/\/salonandrea.eu\/wp-content\/uploads\/2017\/02\/04_diamantova-mikrodermabrazia.jpg\",\"contentUrl\":\"https:\/\/salonandrea.eu\/wp-content\/uploads\/2017\/02\/04_diamantova-mikrodermabrazia.jpg\",\"width\":1140,\"height\":600,\"caption\":\"diamantov\u00e1 mikrodermabr\u00e1zia\"},{\"@type\":\"BreadcrumbList\",\"@id\":\"https:\/\/salonandrea.eu\/index.php\/mikrodermabrazia\/#breadcrumb\",\"itemListElement\":[{\"@type\":\"ListItem\",\"position\":1,\"name\":\"Domovsk\u00e1 str\u00e1nka\",\"item\":\"https:\/\/salonandrea.eu\/\"},{\"@type\":\"ListItem\",\"position\":2,\"name\":\"Mikrodermabr\u00e1zia (diamantov\u00e1)\"}]},{\"@type\":\"WebSite\",\"@id\":\"https:\/\/salonandrea.eu\/#website\",\"url\":\"https:\/\/salonandrea.eu\/\",\"name\":\"Andrea - Beauty Salon\",\"description\":\"Beauty Salon\",\"publisher\":{\"@id\":\"https:\/\/salonandrea.eu\/#organization\"},\"potentialAction\":[{\"@type\":\"SearchAction\",\"target\":{\"@type\":\"EntryPoint\",\"urlTemplate\":\"https:\/\/salonandrea.eu\/?s={search_term_string}\"},\"query-input\":{\"@type\":\"PropertyValueSpecification\",\"valueRequired\":true,\"valueName\":\"search_term_string\"}}],\"inLanguage\":\"sk-SK\"},{\"@type\":\"Organization\",\"@id\":\"https:\/\/salonandrea.eu\/#organization\",\"name\":\"Sal\u00f3n Andrea\",\"url\":\"https:\/\/salonandrea.eu\/\",\"logo\":{\"@type\":\"ImageObject\",\"inLanguage\":\"sk-SK\",\"@id\":\"https:\/\/salonandrea.eu\/#\/schema\/logo\/image\/\",\"url\":\"https:\/\/salonandrea.eu\/wp-content\/uploads\/2017\/02\/logo_andrea-salon-beauty_ver1_white_tien.png\",\"contentUrl\":\"https:\/\/salonandrea.eu\/wp-content\/uploads\/2017\/02\/logo_andrea-salon-beauty_ver1_white_tien.png\",\"width\":500,\"height\":185,\"caption\":\"Sal\u00f3n Andrea\"},\"image\":{\"@id\":\"https:\/\/salonandrea.eu\/#\/schema\/logo\/image\/\"},\"sameAs\":[\"https:\/\/www.facebook.com\/profile.php?id=100005214099062\"]}]}<\/script>\n<!-- \/ Yoast SEO plugin. -->","yoast_head_json":{"title":"Mikrodermabr\u00e1zia (diamantov\u00e1) - Andrea","robots":{"index":"index","follow":"follow","max-snippet":"max-snippet:-1","max-image-preview":"max-image-preview:large","max-video-preview":"max-video-preview:-1"},"canonical":"https:\/\/salonandrea.eu\/index.php\/mikrodermabrazia\/","og_locale":"sk_SK","og_type":"article","og_title":"Mikrodermabr\u00e1zia (diamantov\u00e1) - Andrea","og_description":"Je proced\u00fara pri ktorej je poko\u017eka vystaven\u00e1 p\u00f4sobeniu kry\u0161t\u00e1lov(diamantov) za \u00fa\u010delom odstr\u00e1nenia vrchnej vrstvy ko\u017ee, hlavne odumret\u00fdch ko\u017en\u00fdch buniek. Mikrodermabr\u00e1zia tie\u017e podporuje produkciu nov\u00fdch ko\u017en\u00fdch buniek v baz\u00e1lnej, najhlb\u0161ej vrstve ko\u017ee. T\u00e1to proced\u00fara stimuluje tvorbu kolag\u00e9nu, h\u013abkovo pre\u010dist\u00ed p\u00f3ry, \u010d\u00edm pozit\u00edvne p\u00f4sob\u00ed na \u0161trukt\u00faru a vzh\u013ead poko\u017eky.Mikrodermabr\u00e1zia nemus\u00ed by\u0165 \u00fa\u010dinn\u00e1 ak sa jedn\u00e1 o pr\u00edli\u0161 Read More","og_url":"https:\/\/salonandrea.eu\/index.php\/mikrodermabrazia\/","og_site_name":"Andrea","article_publisher":"https:\/\/www.facebook.com\/profile.php?id=100005214099062","article_modified_time":"2018-07-10T16:19:41+00:00","og_image":[{"url":"https:\/\/salonandrea.eu\/wp-content\/uploads\/2017\/02\/04_diamantova-mikrodermabrazia.jpg","type":"","width":"","height":""}],"twitter_card":"summary_large_image","twitter_misc":{"Predpokladan\u00fd \u010das \u010d\u00edtania":"1 min\u00fata"},"schema":{"@context":"https:\/\/schema.org","@graph":[{"@type":"WebPage","@id":"https:\/\/salonandrea.eu\/index.php\/mikrodermabrazia\/","url":"https:\/\/salonandrea.eu\/index.php\/mikrodermabrazia\/","name":"Mikrodermabr\u00e1zia (diamantov\u00e1) - Andrea","isPartOf":{"@id":"https:\/\/salonandrea.eu\/#website"},"primaryImageOfPage":{"@id":"https:\/\/salonandrea.eu\/index.php\/mikrodermabrazia\/#primaryimage"},"image":{"@id":"https:\/\/salonandrea.eu\/index.php\/mikrodermabrazia\/#primaryimage"},"thumbnailUrl":"https:\/\/salonandrea.eu\/wp-content\/uploads\/2017\/02\/04_diamantova-mikrodermabrazia.jpg","datePublished":"2017-02-18T10:27:05+00:00","dateModified":"2018-07-10T16:19:41+00:00","breadcrumb":{"@id":"https:\/\/salonandrea.eu\/index.php\/mikrodermabrazia\/#breadcrumb"},"inLanguage":"sk-SK","potentialAction":[{"@type":"ReadAction","target":["https:\/\/salonandrea.eu\/index.php\/mikrodermabrazia\/"]}]},{"@type":"ImageObject","inLanguage":"sk-SK","@id":"https:\/\/salonandrea.eu\/index.php\/mikrodermabrazia\/#primaryimage","url":"https:\/\/salonandrea.eu\/wp-content\/uploads\/2017\/02\/04_diamantova-mikrodermabrazia.jpg","contentUrl":"https:\/\/salonandrea.eu\/wp-content\/uploads\/2017\/02\/04_diamantova-mikrodermabrazia.jpg","width":1140,"height":600,"caption":"diamantov\u00e1 mikrodermabr\u00e1zia"},{"@type":"BreadcrumbList","@id":"https:\/\/salonandrea.eu\/index.php\/mikrodermabrazia\/#breadcrumb","itemListElement":[{"@type":"ListItem","position":1,"name":"Domovsk\u00e1 str\u00e1nka","item":"https:\/\/salonandrea.eu\/"},{"@type":"ListItem","position":2,"name":"Mikrodermabr\u00e1zia (diamantov\u00e1)"}]},{"@type":"WebSite","@id":"https:\/\/salonandrea.eu\/#website","url":"https:\/\/salonandrea.eu\/","name":"Andrea - Beauty Salon","description":"Beauty Salon","publisher":{"@id":"https:\/\/salonandrea.eu\/#organization"},"potentialAction":[{"@type":"SearchAction","target":{"@type":"EntryPoint","urlTemplate":"https:\/\/salonandrea.eu\/?s={search_term_string}"},"query-input":{"@type":"PropertyValueSpecification","valueRequired":true,"valueName":"search_term_string"}}],"inLanguage":"sk-SK"},{"@type":"Organization","@id":"https:\/\/salonandrea.eu\/#organization","name":"Sal\u00f3n Andrea","url":"https:\/\/salonandrea.eu\/","logo":{"@type":"ImageObject","inLanguage":"sk-SK","@id":"https:\/\/salonandrea.eu\/#\/schema\/logo\/image\/","url":"https:\/\/salonandrea.eu\/wp-content\/uploads\/2017\/02\/logo_andrea-salon-beauty_ver1_white_tien.png","contentUrl":"https:\/\/salonandrea.eu\/wp-content\/uploads\/2017\/02\/logo_andrea-salon-beauty_ver1_white_tien.png","width":500,"height":185,"caption":"Sal\u00f3n Andrea"},"image":{"@id":"https:\/\/salonandrea.eu\/#\/schema\/logo\/image\/"},"sameAs":["https:\/\/www.facebook.com\/profile.php?id=100005214099062"]}]}},"_links":{"self":[{"href":"https:\/\/salonandrea.eu\/index.php\/wp-json\/wp\/v2\/pages\/179","targetHints":{"allow":["GET"]}}],"collection":[{"href":"https:\/\/salonandrea.eu\/index.php\/wp-json\/wp\/v2\/pages"}],"about":[{"href":"https:\/\/salonandrea.eu\/index.php\/wp-json\/wp\/v2\/types\/page"}],"author":[{"embeddable":true,"href":"https:\/\/salonandrea.eu\/index.php\/wp-json\/wp\/v2\/users\/1"}],"replies":[{"embeddable":true,"href":"https:\/\/salonandrea.eu\/index.php\/wp-json\/wp\/v2\/comments?post=179"}],"version-history":[{"count":4,"href":"https:\/\/salonandrea.eu\/index.php\/wp-json\/wp\/v2\/pages\/179\/revisions"}],"predecessor-version":[{"id":353,"href":"https:\/\/salonandrea.eu\/index.php\/wp-json\/wp\/v2\/pages\/179\/revisions\/353"}],"wp:attachment":[{"href":"https:\/\/salonandrea.eu\/index.php\/wp-json\/wp\/v2\/media?parent=179"}],"curies":[{"name":"wp","href":"https:\/\/api.w.org\/{rel}","templated":true}]}}