{"id":195,"date":"2017-02-18T11:46:59","date_gmt":"2017-02-18T10:46:59","guid":{"rendered":"http:\/\/salonandrea.eu\/?page_id=195"},"modified":"2021-11-17T10:47:52","modified_gmt":"2021-11-17T09:47:52","slug":"kadernictvo","status":"publish","type":"page","link":"https:\/\/salonandrea.eu\/index.php\/kadernictvo\/","title":{"rendered":"Kadern\u00edctvo"},"content":{"rendered":"<div id=\"pl-195\"  class=\"panel-layout\" ><div id=\"pg-195-0\"  class=\"panel-grid panel-no-style\" ><div id=\"pgc-195-0-0\"  class=\"panel-grid-cell\" ><div id=\"panel-195-0-0-0\" class=\"so-panel widget widget_sow-editor panel-first-child panel-last-child\" data-index=\"0\" ><div class=\"panel-widget-style panel-widget-style-for-195-0-0-0\" ><div\n\t\t\t\n\t\t\tclass=\"so-widget-sow-editor so-widget-sow-editor-base\"\n\t\t\t\n\t\t>\n<div class=\"siteorigin-widget-tinymce textwidget\">\n\t<p style=\"text-align: center;\">mel\u00edrovanie |&nbsp;<strong>farbenie<\/strong> |&nbsp;strihanie | <strong>odfarbovanie<\/strong> | zosvetlovanie | <strong>balayage<\/strong>&nbsp;| ombre | <strong>t\u00f3novanie<\/strong><\/p>\n<p style=\"text-align: center;\">Ceny pod\u013ea spotreby materi\u00e1lu a dan\u00e9ho \u00fakonu. Info priamo v sal\u00f3ne.<\/p>\n<\/div>\n<\/div><\/div><\/div><\/div><\/div><\/div>","protected":false},"excerpt":{"rendered":"<p>mel\u00edrovanie |&nbsp;farbenie |&nbsp;strihanie | odfarbovanie | zosvetlovanie | balayage&nbsp;| ombre | t\u00f3novanie Ceny pod\u013ea spotreby materi\u00e1lu a dan\u00e9ho \u00fakonu. Info priamo v sal\u00f3ne.<\/p>\n","protected":false},"author":1,"featured_media":0,"parent":0,"menu_order":0,"comment_status":"closed","ping_status":"closed","template":"template-full-width.php","meta":{"ngg_post_thumbnail":0,"footnotes":""},"class_list":["post-195","page","type-page","status-publish","hentry"],"yoast_head":"<!-- This site is optimized with the Yoast SEO plugin v24.3 - https:\/\/yoast.com\/wordpress\/plugins\/seo\/ -->\n<title>Kadern\u00edctvo - Andrea<\/title>\n<meta name=\"robots\" content=\"index, follow, max-snippet:-1, max-image-preview:large, max-video-preview:-1\" \/>\n<link rel=\"canonical\" href=\"https:\/\/salonandrea.eu\/index.php\/kadernictvo\/\" \/>\n<meta property=\"og:locale\" content=\"sk_SK\" \/>\n<meta property=\"og:type\" content=\"article\" \/>\n<meta property=\"og:title\" content=\"Kadern\u00edctvo - Andrea\" \/>\n<meta property=\"og:description\" content=\"mel\u00edrovanie |&nbsp;farbenie |&nbsp;strihanie | odfarbovanie | zosvetlovanie | balayage&nbsp;| ombre | t\u00f3novanie Ceny pod\u013ea spotreby materi\u00e1lu a dan\u00e9ho \u00fakonu. Info priamo v sal\u00f3ne.\" \/>\n<meta property=\"og:url\" content=\"https:\/\/salonandrea.eu\/index.php\/kadernictvo\/\" \/>\n<meta property=\"og:site_name\" content=\"Andrea\" \/>\n<meta property=\"article:publisher\" content=\"https:\/\/www.facebook.com\/profile.php?id=100005214099062\" \/>\n<meta property=\"article:modified_time\" content=\"2021-11-17T09:47:52+00:00\" \/>\n<meta name=\"twitter:card\" content=\"summary_large_image\" \/>\n<script type=\"application\/ld+json\" class=\"yoast-schema-graph\">{\"@context\":\"https:\/\/schema.org\",\"@graph\":[{\"@type\":\"WebPage\",\"@id\":\"https:\/\/salonandrea.eu\/index.php\/kadernictvo\/\",\"url\":\"https:\/\/salonandrea.eu\/index.php\/kadernictvo\/\",\"name\":\"Kadern\u00edctvo - Andrea\",\"isPartOf\":{\"@id\":\"https:\/\/salonandrea.eu\/#website\"},\"datePublished\":\"2017-02-18T10:46:59+00:00\",\"dateModified\":\"2021-11-17T09:47:52+00:00\",\"breadcrumb\":{\"@id\":\"https:\/\/salonandrea.eu\/index.php\/kadernictvo\/#breadcrumb\"},\"inLanguage\":\"sk-SK\",\"potentialAction\":[{\"@type\":\"ReadAction\",\"target\":[\"https:\/\/salonandrea.eu\/index.php\/kadernictvo\/\"]}]},{\"@type\":\"BreadcrumbList\",\"@id\":\"https:\/\/salonandrea.eu\/index.php\/kadernictvo\/#breadcrumb\",\"itemListElement\":[{\"@type\":\"ListItem\",\"position\":1,\"name\":\"Domovsk\u00e1 str\u00e1nka\",\"item\":\"https:\/\/salonandrea.eu\/\"},{\"@type\":\"ListItem\",\"position\":2,\"name\":\"Kadern\u00edctvo\"}]},{\"@type\":\"WebSite\",\"@id\":\"https:\/\/salonandrea.eu\/#website\",\"url\":\"https:\/\/salonandrea.eu\/\",\"name\":\"Andrea - Beauty Salon\",\"description\":\"Beauty Salon\",\"publisher\":{\"@id\":\"https:\/\/salonandrea.eu\/#organization\"},\"potentialAction\":[{\"@type\":\"SearchAction\",\"target\":{\"@type\":\"EntryPoint\",\"urlTemplate\":\"https:\/\/salonandrea.eu\/?s={search_term_string}\"},\"query-input\":{\"@type\":\"PropertyValueSpecification\",\"valueRequired\":true,\"valueName\":\"search_term_string\"}}],\"inLanguage\":\"sk-SK\"},{\"@type\":\"Organization\",\"@id\":\"https:\/\/salonandrea.eu\/#organization\",\"name\":\"Sal\u00f3n Andrea\",\"url\":\"https:\/\/salonandrea.eu\/\",\"logo\":{\"@type\":\"ImageObject\",\"inLanguage\":\"sk-SK\",\"@id\":\"https:\/\/salonandrea.eu\/#\/schema\/logo\/image\/\",\"url\":\"https:\/\/salonandrea.eu\/wp-content\/uploads\/2017\/02\/logo_andrea-salon-beauty_ver1_white_tien.png\",\"contentUrl\":\"https:\/\/salonandrea.eu\/wp-content\/uploads\/2017\/02\/logo_andrea-salon-beauty_ver1_white_tien.png\",\"width\":500,\"height\":185,\"caption\":\"Sal\u00f3n Andrea\"},\"image\":{\"@id\":\"https:\/\/salonandrea.eu\/#\/schema\/logo\/image\/\"},\"sameAs\":[\"https:\/\/www.facebook.com\/profile.php?id=100005214099062\"]}]}<\/script>\n<!-- \/ Yoast SEO plugin. -->","yoast_head_json":{"title":"Kadern\u00edctvo - Andrea","robots":{"index":"index","follow":"follow","max-snippet":"max-snippet:-1","max-image-preview":"max-image-preview:large","max-video-preview":"max-video-preview:-1"},"canonical":"https:\/\/salonandrea.eu\/index.php\/kadernictvo\/","og_locale":"sk_SK","og_type":"article","og_title":"Kadern\u00edctvo - Andrea","og_description":"mel\u00edrovanie |&nbsp;farbenie |&nbsp;strihanie | odfarbovanie | zosvetlovanie | balayage&nbsp;| ombre | t\u00f3novanie Ceny pod\u013ea spotreby materi\u00e1lu a dan\u00e9ho \u00fakonu. Info priamo v sal\u00f3ne.","og_url":"https:\/\/salonandrea.eu\/index.php\/kadernictvo\/","og_site_name":"Andrea","article_publisher":"https:\/\/www.facebook.com\/profile.php?id=100005214099062","article_modified_time":"2021-11-17T09:47:52+00:00","twitter_card":"summary_large_image","schema":{"@context":"https:\/\/schema.org","@graph":[{"@type":"WebPage","@id":"https:\/\/salonandrea.eu\/index.php\/kadernictvo\/","url":"https:\/\/salonandrea.eu\/index.php\/kadernictvo\/","name":"Kadern\u00edctvo - Andrea","isPartOf":{"@id":"https:\/\/salonandrea.eu\/#website"},"datePublished":"2017-02-18T10:46:59+00:00","dateModified":"2021-11-17T09:47:52+00:00","breadcrumb":{"@id":"https:\/\/salonandrea.eu\/index.php\/kadernictvo\/#breadcrumb"},"inLanguage":"sk-SK","potentialAction":[{"@type":"ReadAction","target":["https:\/\/salonandrea.eu\/index.php\/kadernictvo\/"]}]},{"@type":"BreadcrumbList","@id":"https:\/\/salonandrea.eu\/index.php\/kadernictvo\/#breadcrumb","itemListElement":[{"@type":"ListItem","position":1,"name":"Domovsk\u00e1 str\u00e1nka","item":"https:\/\/salonandrea.eu\/"},{"@type":"ListItem","position":2,"name":"Kadern\u00edctvo"}]},{"@type":"WebSite","@id":"https:\/\/salonandrea.eu\/#website","url":"https:\/\/salonandrea.eu\/","name":"Andrea - Beauty Salon","description":"Beauty Salon","publisher":{"@id":"https:\/\/salonandrea.eu\/#organization"},"potentialAction":[{"@type":"SearchAction","target":{"@type":"EntryPoint","urlTemplate":"https:\/\/salonandrea.eu\/?s={search_term_string}"},"query-input":{"@type":"PropertyValueSpecification","valueRequired":true,"valueName":"search_term_string"}}],"inLanguage":"sk-SK"},{"@type":"Organization","@id":"https:\/\/salonandrea.eu\/#organization","name":"Sal\u00f3n Andrea","url":"https:\/\/salonandrea.eu\/","logo":{"@type":"ImageObject","inLanguage":"sk-SK","@id":"https:\/\/salonandrea.eu\/#\/schema\/logo\/image\/","url":"https:\/\/salonandrea.eu\/wp-content\/uploads\/2017\/02\/logo_andrea-salon-beauty_ver1_white_tien.png","contentUrl":"https:\/\/salonandrea.eu\/wp-content\/uploads\/2017\/02\/logo_andrea-salon-beauty_ver1_white_tien.png","width":500,"height":185,"caption":"Sal\u00f3n Andrea"},"image":{"@id":"https:\/\/salonandrea.eu\/#\/schema\/logo\/image\/"},"sameAs":["https:\/\/www.facebook.com\/profile.php?id=100005214099062"]}]}},"_links":{"self":[{"href":"https:\/\/salonandrea.eu\/index.php\/wp-json\/wp\/v2\/pages\/195","targetHints":{"allow":["GET"]}}],"collection":[{"href":"https:\/\/salonandrea.eu\/index.php\/wp-json\/wp\/v2\/pages"}],"about":[{"href":"https:\/\/salonandrea.eu\/index.php\/wp-json\/wp\/v2\/types\/page"}],"author":[{"embeddable":true,"href":"https:\/\/salonandrea.eu\/index.php\/wp-json\/wp\/v2\/users\/1"}],"replies":[{"embeddable":true,"href":"https:\/\/salonandrea.eu\/index.php\/wp-json\/wp\/v2\/comments?post=195"}],"version-history":[{"count":15,"href":"https:\/\/salonandrea.eu\/index.php\/wp-json\/wp\/v2\/pages\/195\/revisions"}],"predecessor-version":[{"id":508,"href":"https:\/\/salonandrea.eu\/index.php\/wp-json\/wp\/v2\/pages\/195\/revisions\/508"}],"wp:attachment":[{"href":"https:\/\/salonandrea.eu\/index.php\/wp-json\/wp\/v2\/media?parent=195"}],"curies":[{"name":"wp","href":"https:\/\/api.w.org\/{rel}","templated":true}]}}