{"id":22,"date":"2017-02-15T22:57:51","date_gmt":"2017-02-15T21:57:51","guid":{"rendered":"http:\/\/salonandrea.eu\/?page_id=22"},"modified":"2020-10-20T06:56:57","modified_gmt":"2020-10-20T05:56:57","slug":"kontakt","status":"publish","type":"page","link":"https:\/\/salonandrea.eu\/index.php\/kontakt\/","title":{"rendered":"Kontakt"},"content":{"rendered":"<div id=\"pl-22\"  class=\"panel-layout\" ><div id=\"pg-22-0\"  class=\"panel-grid panel-no-style\" ><div id=\"pgc-22-0-0\"  class=\"panel-grid-cell\" ><div id=\"panel-22-0-0-0\" class=\"so-panel widget widget_sow-editor panel-first-child panel-last-child\" data-index=\"0\" ><div class=\"panel-widget-style panel-widget-style-for-22-0-0-0\" ><div\n\t\t\t\n\t\t\tclass=\"so-widget-sow-editor so-widget-sow-editor-base\"\n\t\t\t\n\t\t>\n<div class=\"siteorigin-widget-tinymce textwidget\">\n\t<p><strong>Andrea Beauty Salon<\/strong><br \/>\n\u0160tefana Moyzesa 10<br \/>\n971 01 Prievidza<\/p>\n<p><strong>Andrea Ba\u010dov\u00e1<\/strong><br \/>\nMobil &nbsp;0905 116 635<br \/>\nEmail &nbsp;andrea@salonandrea.eu<\/p>\n<p><strong>Otv\u00e1racie hodiny<\/strong><br \/>\nNa objedn\u00e1vky<br \/>\nPondelok\u2014Piatok<\/p>\n<\/div>\n<\/div><\/div><\/div><\/div><div id=\"pgc-22-0-1\"  class=\"panel-grid-cell\" ><div id=\"panel-22-0-1-0\" class=\"so-panel widget widget_sow-editor panel-first-child panel-last-child\" data-index=\"1\" ><div class=\"panel-widget-style panel-widget-style-for-22-0-1-0\" ><div\n\t\t\t\n\t\t\tclass=\"so-widget-sow-editor so-widget-sow-editor-base\"\n\t\t\t\n\t\t>\n<div class=\"siteorigin-widget-tinymce textwidget\">\n\t<figure id=\"attachment_498\" aria-describedby=\"caption-attachment-498\" style=\"width: 649px\" class=\"wp-caption aligncenter\"><a href=\"https:\/\/www.google.com\/maps\/place\/%C5%A0tefana+Moyzesa+10,+971+01+Prievidza\/@48.7724248,18.6201967,17z\/data=!3m1!4b1!4m5!3m4!1s0x4714dcf1043ab03b:0xb40025e50237724a!8m2!3d48.7724213!4d18.6223854\"><img loading=\"lazy\" decoding=\"async\" src=\"https:\/\/salonandrea.eu\/wp-content\/uploads\/2020\/10\/mapasalon.png\" alt=\"\" width=\"649\" height=\"248\" class=\"size-full wp-image-498\" srcset=\"https:\/\/salonandrea.eu\/wp-content\/uploads\/2020\/10\/mapasalon.png 649w, https:\/\/salonandrea.eu\/wp-content\/uploads\/2020\/10\/mapasalon-300x115.png 300w\" sizes=\"auto, (max-width: 649px) 100vw, 649px\" \/><\/a><figcaption id=\"caption-attachment-498\" class=\"wp-caption-text\">Salon Andrea<\/figcaption><\/figure>\n<\/div>\n<\/div><\/div><\/div><\/div><\/div><\/div>","protected":false},"excerpt":{"rendered":"<p>Andrea Beauty Salon \u0160tefana Moyzesa 10 971 01 Prievidza Andrea Ba\u010dov\u00e1 Mobil &nbsp;0905 116 635 Email &nbsp;andrea@salonandrea.eu Otv\u00e1racie hodiny Na objedn\u00e1vky Pondelok\u2014Piatok<\/p>\n","protected":false},"author":1,"featured_media":0,"parent":0,"menu_order":0,"comment_status":"closed","ping_status":"closed","template":"template-full-width.php","meta":{"ngg_post_thumbnail":0,"footnotes":""},"class_list":["post-22","page","type-page","status-publish","hentry"],"yoast_head":"<!-- This site is optimized with the Yoast SEO plugin v24.3 - https:\/\/yoast.com\/wordpress\/plugins\/seo\/ -->\n<title>Kontakt - Andrea<\/title>\n<meta name=\"robots\" content=\"index, follow, max-snippet:-1, max-image-preview:large, max-video-preview:-1\" \/>\n<link rel=\"canonical\" href=\"https:\/\/salonandrea.eu\/index.php\/kontakt\/\" \/>\n<meta property=\"og:locale\" content=\"sk_SK\" \/>\n<meta property=\"og:type\" content=\"article\" \/>\n<meta property=\"og:title\" content=\"Kontakt - Andrea\" \/>\n<meta property=\"og:description\" content=\"Andrea Beauty Salon \u0160tefana Moyzesa 10 971 01 Prievidza Andrea Ba\u010dov\u00e1 Mobil &nbsp;0905 116 635 Email &nbsp;andrea@salonandrea.eu Otv\u00e1racie hodiny Na objedn\u00e1vky Pondelok\u2014Piatok\" \/>\n<meta property=\"og:url\" content=\"https:\/\/salonandrea.eu\/index.php\/kontakt\/\" \/>\n<meta property=\"og:site_name\" content=\"Andrea\" \/>\n<meta property=\"article:publisher\" content=\"https:\/\/www.facebook.com\/profile.php?id=100005214099062\" \/>\n<meta property=\"article:modified_time\" content=\"2020-10-20T05:56:57+00:00\" \/>\n<meta property=\"og:image\" content=\"https:\/\/salonandrea.eu\/wp-content\/uploads\/2020\/10\/mapasalon.png\" \/>\n<meta name=\"twitter:card\" content=\"summary_large_image\" \/>\n<script type=\"application\/ld+json\" class=\"yoast-schema-graph\">{\"@context\":\"https:\/\/schema.org\",\"@graph\":[{\"@type\":\"WebPage\",\"@id\":\"https:\/\/salonandrea.eu\/index.php\/kontakt\/\",\"url\":\"https:\/\/salonandrea.eu\/index.php\/kontakt\/\",\"name\":\"Kontakt - Andrea\",\"isPartOf\":{\"@id\":\"https:\/\/salonandrea.eu\/#website\"},\"primaryImageOfPage\":{\"@id\":\"https:\/\/salonandrea.eu\/index.php\/kontakt\/#primaryimage\"},\"image\":{\"@id\":\"https:\/\/salonandrea.eu\/index.php\/kontakt\/#primaryimage\"},\"thumbnailUrl\":\"https:\/\/salonandrea.eu\/wp-content\/uploads\/2020\/10\/mapasalon.png\",\"datePublished\":\"2017-02-15T21:57:51+00:00\",\"dateModified\":\"2020-10-20T05:56:57+00:00\",\"breadcrumb\":{\"@id\":\"https:\/\/salonandrea.eu\/index.php\/kontakt\/#breadcrumb\"},\"inLanguage\":\"sk-SK\",\"potentialAction\":[{\"@type\":\"ReadAction\",\"target\":[\"https:\/\/salonandrea.eu\/index.php\/kontakt\/\"]}]},{\"@type\":\"ImageObject\",\"inLanguage\":\"sk-SK\",\"@id\":\"https:\/\/salonandrea.eu\/index.php\/kontakt\/#primaryimage\",\"url\":\"https:\/\/salonandrea.eu\/wp-content\/uploads\/2020\/10\/mapasalon.png\",\"contentUrl\":\"https:\/\/salonandrea.eu\/wp-content\/uploads\/2020\/10\/mapasalon.png\",\"width\":649,\"height\":248,\"caption\":\"Salon Andrea\"},{\"@type\":\"BreadcrumbList\",\"@id\":\"https:\/\/salonandrea.eu\/index.php\/kontakt\/#breadcrumb\",\"itemListElement\":[{\"@type\":\"ListItem\",\"position\":1,\"name\":\"Domovsk\u00e1 str\u00e1nka\",\"item\":\"https:\/\/salonandrea.eu\/\"},{\"@type\":\"ListItem\",\"position\":2,\"name\":\"Kontakt\"}]},{\"@type\":\"WebSite\",\"@id\":\"https:\/\/salonandrea.eu\/#website\",\"url\":\"https:\/\/salonandrea.eu\/\",\"name\":\"Andrea - Beauty Salon\",\"description\":\"Beauty Salon\",\"publisher\":{\"@id\":\"https:\/\/salonandrea.eu\/#organization\"},\"potentialAction\":[{\"@type\":\"SearchAction\",\"target\":{\"@type\":\"EntryPoint\",\"urlTemplate\":\"https:\/\/salonandrea.eu\/?s={search_term_string}\"},\"query-input\":{\"@type\":\"PropertyValueSpecification\",\"valueRequired\":true,\"valueName\":\"search_term_string\"}}],\"inLanguage\":\"sk-SK\"},{\"@type\":\"Organization\",\"@id\":\"https:\/\/salonandrea.eu\/#organization\",\"name\":\"Sal\u00f3n Andrea\",\"url\":\"https:\/\/salonandrea.eu\/\",\"logo\":{\"@type\":\"ImageObject\",\"inLanguage\":\"sk-SK\",\"@id\":\"https:\/\/salonandrea.eu\/#\/schema\/logo\/image\/\",\"url\":\"https:\/\/salonandrea.eu\/wp-content\/uploads\/2017\/02\/logo_andrea-salon-beauty_ver1_white_tien.png\",\"contentUrl\":\"https:\/\/salonandrea.eu\/wp-content\/uploads\/2017\/02\/logo_andrea-salon-beauty_ver1_white_tien.png\",\"width\":500,\"height\":185,\"caption\":\"Sal\u00f3n Andrea\"},\"image\":{\"@id\":\"https:\/\/salonandrea.eu\/#\/schema\/logo\/image\/\"},\"sameAs\":[\"https:\/\/www.facebook.com\/profile.php?id=100005214099062\"]}]}<\/script>\n<!-- \/ Yoast SEO plugin. -->","yoast_head_json":{"title":"Kontakt - Andrea","robots":{"index":"index","follow":"follow","max-snippet":"max-snippet:-1","max-image-preview":"max-image-preview:large","max-video-preview":"max-video-preview:-1"},"canonical":"https:\/\/salonandrea.eu\/index.php\/kontakt\/","og_locale":"sk_SK","og_type":"article","og_title":"Kontakt - Andrea","og_description":"Andrea Beauty Salon \u0160tefana Moyzesa 10 971 01 Prievidza Andrea Ba\u010dov\u00e1 Mobil &nbsp;0905 116 635 Email &nbsp;andrea@salonandrea.eu Otv\u00e1racie hodiny Na objedn\u00e1vky Pondelok\u2014Piatok","og_url":"https:\/\/salonandrea.eu\/index.php\/kontakt\/","og_site_name":"Andrea","article_publisher":"https:\/\/www.facebook.com\/profile.php?id=100005214099062","article_modified_time":"2020-10-20T05:56:57+00:00","og_image":[{"url":"https:\/\/salonandrea.eu\/wp-content\/uploads\/2020\/10\/mapasalon.png","type":"","width":"","height":""}],"twitter_card":"summary_large_image","schema":{"@context":"https:\/\/schema.org","@graph":[{"@type":"WebPage","@id":"https:\/\/salonandrea.eu\/index.php\/kontakt\/","url":"https:\/\/salonandrea.eu\/index.php\/kontakt\/","name":"Kontakt - Andrea","isPartOf":{"@id":"https:\/\/salonandrea.eu\/#website"},"primaryImageOfPage":{"@id":"https:\/\/salonandrea.eu\/index.php\/kontakt\/#primaryimage"},"image":{"@id":"https:\/\/salonandrea.eu\/index.php\/kontakt\/#primaryimage"},"thumbnailUrl":"https:\/\/salonandrea.eu\/wp-content\/uploads\/2020\/10\/mapasalon.png","datePublished":"2017-02-15T21:57:51+00:00","dateModified":"2020-10-20T05:56:57+00:00","breadcrumb":{"@id":"https:\/\/salonandrea.eu\/index.php\/kontakt\/#breadcrumb"},"inLanguage":"sk-SK","potentialAction":[{"@type":"ReadAction","target":["https:\/\/salonandrea.eu\/index.php\/kontakt\/"]}]},{"@type":"ImageObject","inLanguage":"sk-SK","@id":"https:\/\/salonandrea.eu\/index.php\/kontakt\/#primaryimage","url":"https:\/\/salonandrea.eu\/wp-content\/uploads\/2020\/10\/mapasalon.png","contentUrl":"https:\/\/salonandrea.eu\/wp-content\/uploads\/2020\/10\/mapasalon.png","width":649,"height":248,"caption":"Salon Andrea"},{"@type":"BreadcrumbList","@id":"https:\/\/salonandrea.eu\/index.php\/kontakt\/#breadcrumb","itemListElement":[{"@type":"ListItem","position":1,"name":"Domovsk\u00e1 str\u00e1nka","item":"https:\/\/salonandrea.eu\/"},{"@type":"ListItem","position":2,"name":"Kontakt"}]},{"@type":"WebSite","@id":"https:\/\/salonandrea.eu\/#website","url":"https:\/\/salonandrea.eu\/","name":"Andrea - Beauty Salon","description":"Beauty Salon","publisher":{"@id":"https:\/\/salonandrea.eu\/#organization"},"potentialAction":[{"@type":"SearchAction","target":{"@type":"EntryPoint","urlTemplate":"https:\/\/salonandrea.eu\/?s={search_term_string}"},"query-input":{"@type":"PropertyValueSpecification","valueRequired":true,"valueName":"search_term_string"}}],"inLanguage":"sk-SK"},{"@type":"Organization","@id":"https:\/\/salonandrea.eu\/#organization","name":"Sal\u00f3n Andrea","url":"https:\/\/salonandrea.eu\/","logo":{"@type":"ImageObject","inLanguage":"sk-SK","@id":"https:\/\/salonandrea.eu\/#\/schema\/logo\/image\/","url":"https:\/\/salonandrea.eu\/wp-content\/uploads\/2017\/02\/logo_andrea-salon-beauty_ver1_white_tien.png","contentUrl":"https:\/\/salonandrea.eu\/wp-content\/uploads\/2017\/02\/logo_andrea-salon-beauty_ver1_white_tien.png","width":500,"height":185,"caption":"Sal\u00f3n Andrea"},"image":{"@id":"https:\/\/salonandrea.eu\/#\/schema\/logo\/image\/"},"sameAs":["https:\/\/www.facebook.com\/profile.php?id=100005214099062"]}]}},"_links":{"self":[{"href":"https:\/\/salonandrea.eu\/index.php\/wp-json\/wp\/v2\/pages\/22","targetHints":{"allow":["GET"]}}],"collection":[{"href":"https:\/\/salonandrea.eu\/index.php\/wp-json\/wp\/v2\/pages"}],"about":[{"href":"https:\/\/salonandrea.eu\/index.php\/wp-json\/wp\/v2\/types\/page"}],"author":[{"embeddable":true,"href":"https:\/\/salonandrea.eu\/index.php\/wp-json\/wp\/v2\/users\/1"}],"replies":[{"embeddable":true,"href":"https:\/\/salonandrea.eu\/index.php\/wp-json\/wp\/v2\/comments?post=22"}],"version-history":[{"count":22,"href":"https:\/\/salonandrea.eu\/index.php\/wp-json\/wp\/v2\/pages\/22\/revisions"}],"predecessor-version":[{"id":501,"href":"https:\/\/salonandrea.eu\/index.php\/wp-json\/wp\/v2\/pages\/22\/revisions\/501"}],"wp:attachment":[{"href":"https:\/\/salonandrea.eu\/index.php\/wp-json\/wp\/v2\/media?parent=22"}],"curies":[{"name":"wp","href":"https:\/\/api.w.org\/{rel}","templated":true}]}}