{"id":337,"date":"2017-02-19T21:14:28","date_gmt":"2017-02-19T20:14:28","guid":{"rendered":"http:\/\/salonandrea.eu\/?page_id=337"},"modified":"2025-01-23T21:10:29","modified_gmt":"2025-01-23T20:10:29","slug":"cennik","status":"publish","type":"page","link":"https:\/\/salonandrea.eu\/index.php\/cennik\/","title":{"rendered":"Cenn\u00edk"},"content":{"rendered":"<div id=\"pl-337\"  class=\"panel-layout\" ><div id=\"pg-337-0\"  class=\"panel-grid panel-no-style\" ><div id=\"pgc-337-0-0\"  class=\"panel-grid-cell\" ><div id=\"panel-337-0-0-0\" class=\"so-panel widget widget_sow-editor panel-first-child panel-last-child\" data-index=\"0\" ><div class=\"panel-widget-style panel-widget-style-for-337-0-0-0\" ><div\n\t\t\t\n\t\t\tclass=\"so-widget-sow-editor so-widget-sow-editor-base\"\n\t\t\t\n\t\t>\n<div class=\"siteorigin-widget-tinymce textwidget\">\n\t<table border=\"1\" width=\"432\">\n<tbody>\n<tr>\n<td width=\"305\">&nbsp;Bankovanie (endomas\u00e1\u017e) anticelulit\u00eddna proced\u00fara<\/td>\n<td width=\"127\"><strong>&nbsp; &nbsp; &nbsp; &nbsp; &nbsp;8\u20ac<\/strong><\/td>\n<\/tr>\n<tr>\n<td width=\"305\">&nbsp;Lifting tv\u00e1re<\/td>\n<td width=\"127\"><strong>&nbsp;od 24\u20ac&nbsp;<\/strong><\/td>\n<\/tr>\n<tr>\n<td width=\"305\">&nbsp;Skin scrubber<\/td>\n<td width=\"127\"><strong>&nbsp;od 24\u20ac<\/strong><\/td>\n<\/tr>\n<tr>\n<td width=\"305\">&nbsp;Mikrodermabr\u00e1zia<\/td>\n<td width=\"127\"><strong>&nbsp;od 24\u20ac&nbsp;<\/strong><\/td>\n<\/tr>\n<tr>\n<td width=\"345\">&nbsp;Kavit\u00e1cia<\/td>\n<td width=\"127\"><strong>&nbsp; &nbsp; &nbsp; 25\u20ac<\/strong><\/td>\n<\/tr>\n<tr>\n<td width=\"305\">&nbsp;Bodymikroderma<\/td>\n<td width=\"127\"><strong>info v sal\u00f3ne<\/strong><\/td>\n<\/tr>\n<tr>\n<td width=\"305\">&nbsp;Mezolifting<\/td>\n<td width=\"127\"><strong>info v sal\u00f3ne<\/strong><\/td>\n<\/tr>\n<tr>\n<td width=\"345\">&nbsp;Lymfodren\u00e1\u017e<\/td>\n<td width=\"127\"><strong>info v sal\u00f3ne &nbsp; &nbsp;&nbsp;<\/strong><\/td>\n<\/tr>\n<tr>\n<td width=\"345\">&nbsp;Hyaluron pen<\/td>\n<td width=\"127\"><strong>info v sal\u00f3ne &nbsp; &nbsp;&nbsp;<\/strong><\/td>\n<\/tr>\n<tr>\n<td width=\"345\">&nbsp;Microshading<\/td>\n<td width=\"127\"><strong>info v sal\u00f3ne &nbsp; &nbsp;&nbsp;<\/strong><\/td>\n<\/tr>\n<tr>\n<td width=\"345\"><b>&nbsp;Plasma Fibroblast tie\u017e Plasma lifting alebo Plasma Tightening<\/b><\/td>\n<td width=\"1\">&nbsp;<\/td>\n<\/tr>\n<tr>\n<td width=\"345\">&nbsp;Horn\u00e9 vie\u010dka<\/td>\n<td width=\"127\"><strong>&nbsp;od 110\u20ac&nbsp;<\/strong><\/td>\n<\/tr>\n<tr>\n<td width=\"345\">&nbsp;Doln\u00e9 vie\u010dka<\/td>\n<td width=\"127\"><strong>&nbsp;od 110\u20ac&nbsp;<\/strong><\/td>\n<\/tr>\n<tr>\n<td width=\"345\">&nbsp;\u010celo<\/td>\n<td width=\"127\"><strong>&nbsp;od 140\u20ac&nbsp;<\/strong><\/td>\n<\/tr>\n<tr>\n<td width=\"345\">&nbsp;Horn\u00e9 a doln\u00e9 vie\u010dka<\/td>\n<td width=\"127\"><strong>&nbsp;od 200\u20ac&nbsp;<\/strong><\/td>\n<\/tr>\n<tr>\n<td width=\"345\">&nbsp;Horn\u00e1 pera<\/td>\n<td width=\"127\"><strong>&nbsp;90\u20ac&nbsp;<\/strong><\/td>\n<\/tr>\n<tr>\n<td width=\"345\">&nbsp;L\u00edca<\/td>\n<td width=\"127\"><strong>&nbsp;od 180\u20ac&nbsp;<\/strong><\/td>\n<\/tr>\n<tr>\n<td width=\"345\">&nbsp;Vej\u00e1re okolo o\u010d\u00ed<\/td>\n<td width=\"127\"><strong>&nbsp;od 90\u20ac&nbsp;<\/strong><\/td>\n<\/tr>\n<\/tbody>\n<\/table>\n<p><strong>Inform\u00e1cie o cen\u00e1ch v sal\u00f3ne alebo na telef\u00f3nnom \u010d\u00edsle 0905 116 635<\/strong><\/p>\n<\/div>\n<\/div><\/div><\/div><\/div><\/div><\/div>","protected":false},"excerpt":{"rendered":"<p>&nbsp;Bankovanie (endomas\u00e1\u017e) anticelulit\u00eddna proced\u00fara &nbsp; &nbsp; &nbsp; &nbsp; &nbsp;8\u20ac &nbsp;Lifting tv\u00e1re &nbsp;od 24\u20ac&nbsp; &nbsp;Skin scrubber &nbsp;od 24\u20ac &nbsp;Mikrodermabr\u00e1zia &nbsp;od 24\u20ac&nbsp; &nbsp;Kavit\u00e1cia &nbsp; &nbsp; &nbsp; 25\u20ac &nbsp;Bodymikroderma info v sal\u00f3ne &nbsp;Mezolifting info v sal\u00f3ne &nbsp;Lymfodren\u00e1\u017e info v sal\u00f3ne &nbsp; &nbsp;&nbsp; &nbsp;Hyaluron pen info v sal\u00f3ne &nbsp; &nbsp;&nbsp; &nbsp;Microshading info v sal\u00f3ne &nbsp; &nbsp;&nbsp; &nbsp;Plasma Fibroblast tie\u017e <a class=\"read-more\" href=\"https:\/\/salonandrea.eu\/index.php\/cennik\/\">Read More<\/a><\/p>\n","protected":false},"author":1,"featured_media":0,"parent":0,"menu_order":0,"comment_status":"closed","ping_status":"closed","template":"template-full-width.php","meta":{"ngg_post_thumbnail":0,"footnotes":""},"class_list":["post-337","page","type-page","status-publish","hentry"],"yoast_head":"<!-- This site is optimized with the Yoast SEO plugin v24.3 - https:\/\/yoast.com\/wordpress\/plugins\/seo\/ -->\n<title>Cenn\u00edk - Andrea<\/title>\n<meta name=\"robots\" content=\"index, follow, max-snippet:-1, max-image-preview:large, max-video-preview:-1\" \/>\n<link rel=\"canonical\" href=\"https:\/\/salonandrea.eu\/index.php\/cennik\/\" \/>\n<meta property=\"og:locale\" content=\"sk_SK\" \/>\n<meta property=\"og:type\" content=\"article\" \/>\n<meta property=\"og:title\" content=\"Cenn\u00edk - Andrea\" \/>\n<meta property=\"og:description\" content=\"&nbsp;Bankovanie (endomas\u00e1\u017e) anticelulit\u00eddna proced\u00fara &nbsp; &nbsp; &nbsp; &nbsp; &nbsp;8\u20ac &nbsp;Lifting tv\u00e1re &nbsp;od 24\u20ac&nbsp; &nbsp;Skin scrubber &nbsp;od 24\u20ac &nbsp;Mikrodermabr\u00e1zia &nbsp;od 24\u20ac&nbsp; &nbsp;Kavit\u00e1cia &nbsp; &nbsp; &nbsp; 25\u20ac &nbsp;Bodymikroderma info v sal\u00f3ne &nbsp;Mezolifting info v sal\u00f3ne &nbsp;Lymfodren\u00e1\u017e info v sal\u00f3ne &nbsp; &nbsp;&nbsp; &nbsp;Hyaluron pen info v sal\u00f3ne &nbsp; &nbsp;&nbsp; &nbsp;Microshading info v sal\u00f3ne &nbsp; &nbsp;&nbsp; &nbsp;Plasma Fibroblast tie\u017e Read More\" \/>\n<meta property=\"og:url\" content=\"https:\/\/salonandrea.eu\/index.php\/cennik\/\" \/>\n<meta property=\"og:site_name\" content=\"Andrea\" \/>\n<meta property=\"article:publisher\" content=\"https:\/\/www.facebook.com\/profile.php?id=100005214099062\" \/>\n<meta property=\"article:modified_time\" content=\"2025-01-23T20:10:29+00:00\" \/>\n<meta name=\"twitter:card\" content=\"summary_large_image\" \/>\n<meta name=\"twitter:label1\" content=\"Predpokladan\u00fd \u010das \u010d\u00edtania\" \/>\n\t<meta name=\"twitter:data1\" content=\"1 min\u00fata\" \/>\n<script type=\"application\/ld+json\" class=\"yoast-schema-graph\">{\"@context\":\"https:\/\/schema.org\",\"@graph\":[{\"@type\":\"WebPage\",\"@id\":\"https:\/\/salonandrea.eu\/index.php\/cennik\/\",\"url\":\"https:\/\/salonandrea.eu\/index.php\/cennik\/\",\"name\":\"Cenn\u00edk - Andrea\",\"isPartOf\":{\"@id\":\"https:\/\/salonandrea.eu\/#website\"},\"datePublished\":\"2017-02-19T20:14:28+00:00\",\"dateModified\":\"2025-01-23T20:10:29+00:00\",\"breadcrumb\":{\"@id\":\"https:\/\/salonandrea.eu\/index.php\/cennik\/#breadcrumb\"},\"inLanguage\":\"sk-SK\",\"potentialAction\":[{\"@type\":\"ReadAction\",\"target\":[\"https:\/\/salonandrea.eu\/index.php\/cennik\/\"]}]},{\"@type\":\"BreadcrumbList\",\"@id\":\"https:\/\/salonandrea.eu\/index.php\/cennik\/#breadcrumb\",\"itemListElement\":[{\"@type\":\"ListItem\",\"position\":1,\"name\":\"Domovsk\u00e1 str\u00e1nka\",\"item\":\"https:\/\/salonandrea.eu\/\"},{\"@type\":\"ListItem\",\"position\":2,\"name\":\"Cenn\u00edk\"}]},{\"@type\":\"WebSite\",\"@id\":\"https:\/\/salonandrea.eu\/#website\",\"url\":\"https:\/\/salonandrea.eu\/\",\"name\":\"Andrea - Beauty Salon\",\"description\":\"Beauty Salon\",\"publisher\":{\"@id\":\"https:\/\/salonandrea.eu\/#organization\"},\"potentialAction\":[{\"@type\":\"SearchAction\",\"target\":{\"@type\":\"EntryPoint\",\"urlTemplate\":\"https:\/\/salonandrea.eu\/?s={search_term_string}\"},\"query-input\":{\"@type\":\"PropertyValueSpecification\",\"valueRequired\":true,\"valueName\":\"search_term_string\"}}],\"inLanguage\":\"sk-SK\"},{\"@type\":\"Organization\",\"@id\":\"https:\/\/salonandrea.eu\/#organization\",\"name\":\"Sal\u00f3n Andrea\",\"url\":\"https:\/\/salonandrea.eu\/\",\"logo\":{\"@type\":\"ImageObject\",\"inLanguage\":\"sk-SK\",\"@id\":\"https:\/\/salonandrea.eu\/#\/schema\/logo\/image\/\",\"url\":\"https:\/\/salonandrea.eu\/wp-content\/uploads\/2017\/02\/logo_andrea-salon-beauty_ver1_white_tien.png\",\"contentUrl\":\"https:\/\/salonandrea.eu\/wp-content\/uploads\/2017\/02\/logo_andrea-salon-beauty_ver1_white_tien.png\",\"width\":500,\"height\":185,\"caption\":\"Sal\u00f3n Andrea\"},\"image\":{\"@id\":\"https:\/\/salonandrea.eu\/#\/schema\/logo\/image\/\"},\"sameAs\":[\"https:\/\/www.facebook.com\/profile.php?id=100005214099062\"]}]}<\/script>\n<!-- \/ Yoast SEO plugin. -->","yoast_head_json":{"title":"Cenn\u00edk - Andrea","robots":{"index":"index","follow":"follow","max-snippet":"max-snippet:-1","max-image-preview":"max-image-preview:large","max-video-preview":"max-video-preview:-1"},"canonical":"https:\/\/salonandrea.eu\/index.php\/cennik\/","og_locale":"sk_SK","og_type":"article","og_title":"Cenn\u00edk - Andrea","og_description":"&nbsp;Bankovanie (endomas\u00e1\u017e) anticelulit\u00eddna proced\u00fara &nbsp; &nbsp; &nbsp; &nbsp; &nbsp;8\u20ac &nbsp;Lifting tv\u00e1re &nbsp;od 24\u20ac&nbsp; &nbsp;Skin scrubber &nbsp;od 24\u20ac &nbsp;Mikrodermabr\u00e1zia &nbsp;od 24\u20ac&nbsp; &nbsp;Kavit\u00e1cia &nbsp; &nbsp; &nbsp; 25\u20ac &nbsp;Bodymikroderma info v sal\u00f3ne &nbsp;Mezolifting info v sal\u00f3ne &nbsp;Lymfodren\u00e1\u017e info v sal\u00f3ne &nbsp; &nbsp;&nbsp; &nbsp;Hyaluron pen info v sal\u00f3ne &nbsp; &nbsp;&nbsp; &nbsp;Microshading info v sal\u00f3ne &nbsp; &nbsp;&nbsp; &nbsp;Plasma Fibroblast tie\u017e Read More","og_url":"https:\/\/salonandrea.eu\/index.php\/cennik\/","og_site_name":"Andrea","article_publisher":"https:\/\/www.facebook.com\/profile.php?id=100005214099062","article_modified_time":"2025-01-23T20:10:29+00:00","twitter_card":"summary_large_image","twitter_misc":{"Predpokladan\u00fd \u010das \u010d\u00edtania":"1 min\u00fata"},"schema":{"@context":"https:\/\/schema.org","@graph":[{"@type":"WebPage","@id":"https:\/\/salonandrea.eu\/index.php\/cennik\/","url":"https:\/\/salonandrea.eu\/index.php\/cennik\/","name":"Cenn\u00edk - Andrea","isPartOf":{"@id":"https:\/\/salonandrea.eu\/#website"},"datePublished":"2017-02-19T20:14:28+00:00","dateModified":"2025-01-23T20:10:29+00:00","breadcrumb":{"@id":"https:\/\/salonandrea.eu\/index.php\/cennik\/#breadcrumb"},"inLanguage":"sk-SK","potentialAction":[{"@type":"ReadAction","target":["https:\/\/salonandrea.eu\/index.php\/cennik\/"]}]},{"@type":"BreadcrumbList","@id":"https:\/\/salonandrea.eu\/index.php\/cennik\/#breadcrumb","itemListElement":[{"@type":"ListItem","position":1,"name":"Domovsk\u00e1 str\u00e1nka","item":"https:\/\/salonandrea.eu\/"},{"@type":"ListItem","position":2,"name":"Cenn\u00edk"}]},{"@type":"WebSite","@id":"https:\/\/salonandrea.eu\/#website","url":"https:\/\/salonandrea.eu\/","name":"Andrea - Beauty Salon","description":"Beauty Salon","publisher":{"@id":"https:\/\/salonandrea.eu\/#organization"},"potentialAction":[{"@type":"SearchAction","target":{"@type":"EntryPoint","urlTemplate":"https:\/\/salonandrea.eu\/?s={search_term_string}"},"query-input":{"@type":"PropertyValueSpecification","valueRequired":true,"valueName":"search_term_string"}}],"inLanguage":"sk-SK"},{"@type":"Organization","@id":"https:\/\/salonandrea.eu\/#organization","name":"Sal\u00f3n Andrea","url":"https:\/\/salonandrea.eu\/","logo":{"@type":"ImageObject","inLanguage":"sk-SK","@id":"https:\/\/salonandrea.eu\/#\/schema\/logo\/image\/","url":"https:\/\/salonandrea.eu\/wp-content\/uploads\/2017\/02\/logo_andrea-salon-beauty_ver1_white_tien.png","contentUrl":"https:\/\/salonandrea.eu\/wp-content\/uploads\/2017\/02\/logo_andrea-salon-beauty_ver1_white_tien.png","width":500,"height":185,"caption":"Sal\u00f3n Andrea"},"image":{"@id":"https:\/\/salonandrea.eu\/#\/schema\/logo\/image\/"},"sameAs":["https:\/\/www.facebook.com\/profile.php?id=100005214099062"]}]}},"_links":{"self":[{"href":"https:\/\/salonandrea.eu\/index.php\/wp-json\/wp\/v2\/pages\/337","targetHints":{"allow":["GET"]}}],"collection":[{"href":"https:\/\/salonandrea.eu\/index.php\/wp-json\/wp\/v2\/pages"}],"about":[{"href":"https:\/\/salonandrea.eu\/index.php\/wp-json\/wp\/v2\/types\/page"}],"author":[{"embeddable":true,"href":"https:\/\/salonandrea.eu\/index.php\/wp-json\/wp\/v2\/users\/1"}],"replies":[{"embeddable":true,"href":"https:\/\/salonandrea.eu\/index.php\/wp-json\/wp\/v2\/comments?post=337"}],"version-history":[{"count":24,"href":"https:\/\/salonandrea.eu\/index.php\/wp-json\/wp\/v2\/pages\/337\/revisions"}],"predecessor-version":[{"id":542,"href":"https:\/\/salonandrea.eu\/index.php\/wp-json\/wp\/v2\/pages\/337\/revisions\/542"}],"wp:attachment":[{"href":"https:\/\/salonandrea.eu\/index.php\/wp-json\/wp\/v2\/media?parent=337"}],"curies":[{"name":"wp","href":"https:\/\/api.w.org\/{rel}","templated":true}]}}