{"id":358,"date":"2017-02-20T10:35:22","date_gmt":"2017-02-20T09:35:22","guid":{"rendered":"http:\/\/salonandrea.eu\/?page_id=358"},"modified":"2018-07-10T17:19:41","modified_gmt":"2018-07-10T16:19:41","slug":"bankovanie","status":"publish","type":"page","link":"https:\/\/salonandrea.eu\/index.php\/bankovanie\/","title":{"rendered":"Endomas\u00e1\u017e"},"content":{"rendered":"<div id=\"pl-358\"  class=\"panel-layout\" ><div id=\"pg-358-0\"  class=\"panel-grid panel-no-style\" ><div id=\"pgc-358-0-0\"  class=\"panel-grid-cell\" ><div id=\"panel-358-0-0-0\" class=\"so-panel widget widget_sow-editor panel-first-child panel-last-child\" data-index=\"0\" ><div class=\"panel-widget-style panel-widget-style-for-358-0-0-0\" ><div\n\t\t\t\n\t\t\tclass=\"so-widget-sow-editor so-widget-sow-editor-base\"\n\t\t\t\n\t\t>\n<div class=\"siteorigin-widget-tinymce textwidget\">\n\t<p>Bankovanie-anticelulit\u00eddna mas\u00e1\u017e, zameran\u00e1 na zmiernenie a\u017e \u00fapln\u00e9 odstr\u00e1nenie celulit\u00eddy<\/p>\n<\/div>\n<\/div><\/div><\/div><\/div><div id=\"pgc-358-0-1\"  class=\"panel-grid-cell\" ><div id=\"panel-358-0-1-0\" class=\"so-panel widget widget_sow-editor panel-first-child panel-last-child\" data-index=\"1\" ><div class=\"panel-widget-style panel-widget-style-for-358-0-1-0\" ><div\n\t\t\t\n\t\t\tclass=\"so-widget-sow-editor so-widget-sow-editor-base\"\n\t\t\t\n\t\t>\n<div class=\"siteorigin-widget-tinymce textwidget\">\n\t<p><img loading=\"lazy\" decoding=\"async\" class=\"aligncenter size-large wp-image-388\" src=\"https:\/\/salonandrea.eu\/wp-content\/uploads\/2017\/02\/nohy_institut_plzen_hubnuti-1024x314.jpg\" alt=\"\" width=\"640\" height=\"196\" srcset=\"https:\/\/salonandrea.eu\/wp-content\/uploads\/2017\/02\/nohy_institut_plzen_hubnuti-1024x314.jpg 1024w, https:\/\/salonandrea.eu\/wp-content\/uploads\/2017\/02\/nohy_institut_plzen_hubnuti-300x92.jpg 300w, https:\/\/salonandrea.eu\/wp-content\/uploads\/2017\/02\/nohy_institut_plzen_hubnuti-768x236.jpg 768w\" sizes=\"auto, (max-width: 640px) 100vw, 640px\" \/><\/p>\n<\/div>\n<\/div><\/div><\/div><\/div><\/div><\/div>","protected":false},"excerpt":{"rendered":"<p>Bankovanie-anticelulit\u00eddna mas\u00e1\u017e, zameran\u00e1 na zmiernenie a\u017e \u00fapln\u00e9 odstr\u00e1nenie celulit\u00eddy<\/p>\n","protected":false},"author":1,"featured_media":0,"parent":0,"menu_order":0,"comment_status":"closed","ping_status":"closed","template":"template-full-width.php","meta":{"ngg_post_thumbnail":0,"footnotes":""},"class_list":["post-358","page","type-page","status-publish","hentry"],"yoast_head":"<!-- This site is optimized with the Yoast SEO plugin v24.3 - https:\/\/yoast.com\/wordpress\/plugins\/seo\/ -->\n<title>Endomas\u00e1\u017e - Andrea<\/title>\n<meta name=\"robots\" content=\"index, follow, max-snippet:-1, max-image-preview:large, max-video-preview:-1\" \/>\n<link rel=\"canonical\" href=\"https:\/\/salonandrea.eu\/index.php\/bankovanie\/\" \/>\n<meta property=\"og:locale\" content=\"sk_SK\" \/>\n<meta property=\"og:type\" content=\"article\" \/>\n<meta property=\"og:title\" content=\"Endomas\u00e1\u017e - Andrea\" \/>\n<meta property=\"og:description\" content=\"Bankovanie-anticelulit\u00eddna mas\u00e1\u017e, zameran\u00e1 na zmiernenie a\u017e \u00fapln\u00e9 odstr\u00e1nenie celulit\u00eddy\" \/>\n<meta property=\"og:url\" content=\"https:\/\/salonandrea.eu\/index.php\/bankovanie\/\" \/>\n<meta property=\"og:site_name\" content=\"Andrea\" \/>\n<meta property=\"article:publisher\" content=\"https:\/\/www.facebook.com\/profile.php?id=100005214099062\" \/>\n<meta property=\"article:modified_time\" content=\"2018-07-10T16:19:41+00:00\" \/>\n<meta property=\"og:image\" content=\"https:\/\/salonandrea.eu\/wp-content\/uploads\/2017\/02\/nohy_institut_plzen_hubnuti-1024x314.jpg\" \/>\n<meta name=\"twitter:card\" content=\"summary_large_image\" \/>\n<script type=\"application\/ld+json\" class=\"yoast-schema-graph\">{\"@context\":\"https:\/\/schema.org\",\"@graph\":[{\"@type\":\"WebPage\",\"@id\":\"https:\/\/salonandrea.eu\/index.php\/bankovanie\/\",\"url\":\"https:\/\/salonandrea.eu\/index.php\/bankovanie\/\",\"name\":\"Endomas\u00e1\u017e - Andrea\",\"isPartOf\":{\"@id\":\"https:\/\/salonandrea.eu\/#website\"},\"primaryImageOfPage\":{\"@id\":\"https:\/\/salonandrea.eu\/index.php\/bankovanie\/#primaryimage\"},\"image\":{\"@id\":\"https:\/\/salonandrea.eu\/index.php\/bankovanie\/#primaryimage\"},\"thumbnailUrl\":\"https:\/\/salonandrea.eu\/wp-content\/uploads\/2017\/02\/nohy_institut_plzen_hubnuti-1024x314.jpg\",\"datePublished\":\"2017-02-20T09:35:22+00:00\",\"dateModified\":\"2018-07-10T16:19:41+00:00\",\"breadcrumb\":{\"@id\":\"https:\/\/salonandrea.eu\/index.php\/bankovanie\/#breadcrumb\"},\"inLanguage\":\"sk-SK\",\"potentialAction\":[{\"@type\":\"ReadAction\",\"target\":[\"https:\/\/salonandrea.eu\/index.php\/bankovanie\/\"]}]},{\"@type\":\"ImageObject\",\"inLanguage\":\"sk-SK\",\"@id\":\"https:\/\/salonandrea.eu\/index.php\/bankovanie\/#primaryimage\",\"url\":\"https:\/\/salonandrea.eu\/wp-content\/uploads\/2017\/02\/nohy_institut_plzen_hubnuti-1024x314.jpg\",\"contentUrl\":\"https:\/\/salonandrea.eu\/wp-content\/uploads\/2017\/02\/nohy_institut_plzen_hubnuti-1024x314.jpg\"},{\"@type\":\"BreadcrumbList\",\"@id\":\"https:\/\/salonandrea.eu\/index.php\/bankovanie\/#breadcrumb\",\"itemListElement\":[{\"@type\":\"ListItem\",\"position\":1,\"name\":\"Domovsk\u00e1 str\u00e1nka\",\"item\":\"https:\/\/salonandrea.eu\/\"},{\"@type\":\"ListItem\",\"position\":2,\"name\":\"Endomas\u00e1\u017e\"}]},{\"@type\":\"WebSite\",\"@id\":\"https:\/\/salonandrea.eu\/#website\",\"url\":\"https:\/\/salonandrea.eu\/\",\"name\":\"Andrea - Beauty Salon\",\"description\":\"Beauty Salon\",\"publisher\":{\"@id\":\"https:\/\/salonandrea.eu\/#organization\"},\"potentialAction\":[{\"@type\":\"SearchAction\",\"target\":{\"@type\":\"EntryPoint\",\"urlTemplate\":\"https:\/\/salonandrea.eu\/?s={search_term_string}\"},\"query-input\":{\"@type\":\"PropertyValueSpecification\",\"valueRequired\":true,\"valueName\":\"search_term_string\"}}],\"inLanguage\":\"sk-SK\"},{\"@type\":\"Organization\",\"@id\":\"https:\/\/salonandrea.eu\/#organization\",\"name\":\"Sal\u00f3n Andrea\",\"url\":\"https:\/\/salonandrea.eu\/\",\"logo\":{\"@type\":\"ImageObject\",\"inLanguage\":\"sk-SK\",\"@id\":\"https:\/\/salonandrea.eu\/#\/schema\/logo\/image\/\",\"url\":\"https:\/\/salonandrea.eu\/wp-content\/uploads\/2017\/02\/logo_andrea-salon-beauty_ver1_white_tien.png\",\"contentUrl\":\"https:\/\/salonandrea.eu\/wp-content\/uploads\/2017\/02\/logo_andrea-salon-beauty_ver1_white_tien.png\",\"width\":500,\"height\":185,\"caption\":\"Sal\u00f3n Andrea\"},\"image\":{\"@id\":\"https:\/\/salonandrea.eu\/#\/schema\/logo\/image\/\"},\"sameAs\":[\"https:\/\/www.facebook.com\/profile.php?id=100005214099062\"]}]}<\/script>\n<!-- \/ Yoast SEO plugin. -->","yoast_head_json":{"title":"Endomas\u00e1\u017e - Andrea","robots":{"index":"index","follow":"follow","max-snippet":"max-snippet:-1","max-image-preview":"max-image-preview:large","max-video-preview":"max-video-preview:-1"},"canonical":"https:\/\/salonandrea.eu\/index.php\/bankovanie\/","og_locale":"sk_SK","og_type":"article","og_title":"Endomas\u00e1\u017e - Andrea","og_description":"Bankovanie-anticelulit\u00eddna mas\u00e1\u017e, zameran\u00e1 na zmiernenie a\u017e \u00fapln\u00e9 odstr\u00e1nenie celulit\u00eddy","og_url":"https:\/\/salonandrea.eu\/index.php\/bankovanie\/","og_site_name":"Andrea","article_publisher":"https:\/\/www.facebook.com\/profile.php?id=100005214099062","article_modified_time":"2018-07-10T16:19:41+00:00","og_image":[{"url":"https:\/\/salonandrea.eu\/wp-content\/uploads\/2017\/02\/nohy_institut_plzen_hubnuti-1024x314.jpg","type":"","width":"","height":""}],"twitter_card":"summary_large_image","schema":{"@context":"https:\/\/schema.org","@graph":[{"@type":"WebPage","@id":"https:\/\/salonandrea.eu\/index.php\/bankovanie\/","url":"https:\/\/salonandrea.eu\/index.php\/bankovanie\/","name":"Endomas\u00e1\u017e - Andrea","isPartOf":{"@id":"https:\/\/salonandrea.eu\/#website"},"primaryImageOfPage":{"@id":"https:\/\/salonandrea.eu\/index.php\/bankovanie\/#primaryimage"},"image":{"@id":"https:\/\/salonandrea.eu\/index.php\/bankovanie\/#primaryimage"},"thumbnailUrl":"https:\/\/salonandrea.eu\/wp-content\/uploads\/2017\/02\/nohy_institut_plzen_hubnuti-1024x314.jpg","datePublished":"2017-02-20T09:35:22+00:00","dateModified":"2018-07-10T16:19:41+00:00","breadcrumb":{"@id":"https:\/\/salonandrea.eu\/index.php\/bankovanie\/#breadcrumb"},"inLanguage":"sk-SK","potentialAction":[{"@type":"ReadAction","target":["https:\/\/salonandrea.eu\/index.php\/bankovanie\/"]}]},{"@type":"ImageObject","inLanguage":"sk-SK","@id":"https:\/\/salonandrea.eu\/index.php\/bankovanie\/#primaryimage","url":"https:\/\/salonandrea.eu\/wp-content\/uploads\/2017\/02\/nohy_institut_plzen_hubnuti-1024x314.jpg","contentUrl":"https:\/\/salonandrea.eu\/wp-content\/uploads\/2017\/02\/nohy_institut_plzen_hubnuti-1024x314.jpg"},{"@type":"BreadcrumbList","@id":"https:\/\/salonandrea.eu\/index.php\/bankovanie\/#breadcrumb","itemListElement":[{"@type":"ListItem","position":1,"name":"Domovsk\u00e1 str\u00e1nka","item":"https:\/\/salonandrea.eu\/"},{"@type":"ListItem","position":2,"name":"Endomas\u00e1\u017e"}]},{"@type":"WebSite","@id":"https:\/\/salonandrea.eu\/#website","url":"https:\/\/salonandrea.eu\/","name":"Andrea - Beauty Salon","description":"Beauty Salon","publisher":{"@id":"https:\/\/salonandrea.eu\/#organization"},"potentialAction":[{"@type":"SearchAction","target":{"@type":"EntryPoint","urlTemplate":"https:\/\/salonandrea.eu\/?s={search_term_string}"},"query-input":{"@type":"PropertyValueSpecification","valueRequired":true,"valueName":"search_term_string"}}],"inLanguage":"sk-SK"},{"@type":"Organization","@id":"https:\/\/salonandrea.eu\/#organization","name":"Sal\u00f3n Andrea","url":"https:\/\/salonandrea.eu\/","logo":{"@type":"ImageObject","inLanguage":"sk-SK","@id":"https:\/\/salonandrea.eu\/#\/schema\/logo\/image\/","url":"https:\/\/salonandrea.eu\/wp-content\/uploads\/2017\/02\/logo_andrea-salon-beauty_ver1_white_tien.png","contentUrl":"https:\/\/salonandrea.eu\/wp-content\/uploads\/2017\/02\/logo_andrea-salon-beauty_ver1_white_tien.png","width":500,"height":185,"caption":"Sal\u00f3n Andrea"},"image":{"@id":"https:\/\/salonandrea.eu\/#\/schema\/logo\/image\/"},"sameAs":["https:\/\/www.facebook.com\/profile.php?id=100005214099062"]}]}},"_links":{"self":[{"href":"https:\/\/salonandrea.eu\/index.php\/wp-json\/wp\/v2\/pages\/358","targetHints":{"allow":["GET"]}}],"collection":[{"href":"https:\/\/salonandrea.eu\/index.php\/wp-json\/wp\/v2\/pages"}],"about":[{"href":"https:\/\/salonandrea.eu\/index.php\/wp-json\/wp\/v2\/types\/page"}],"author":[{"embeddable":true,"href":"https:\/\/salonandrea.eu\/index.php\/wp-json\/wp\/v2\/users\/1"}],"replies":[{"embeddable":true,"href":"https:\/\/salonandrea.eu\/index.php\/wp-json\/wp\/v2\/comments?post=358"}],"version-history":[{"count":14,"href":"https:\/\/salonandrea.eu\/index.php\/wp-json\/wp\/v2\/pages\/358\/revisions"}],"predecessor-version":[{"id":411,"href":"https:\/\/salonandrea.eu\/index.php\/wp-json\/wp\/v2\/pages\/358\/revisions\/411"}],"wp:attachment":[{"href":"https:\/\/salonandrea.eu\/index.php\/wp-json\/wp\/v2\/media?parent=358"}],"curies":[{"name":"wp","href":"https:\/\/api.w.org\/{rel}","templated":true}]}}